{"id":500,"date":"2024-09-26T12:01:22","date_gmt":"2024-09-26T10:01:22","guid":{"rendered":"https:\/\/chalets-mune.fr\/geschichte\/"},"modified":"2024-11-28T14:28:46","modified_gmt":"2024-11-28T13:28:46","slug":"histoire","status":"publish","type":"page","link":"https:\/\/chalets-mune.fr\/de\/histoire\/","title":{"rendered":"Geschichte"},"content":{"rendered":"","protected":false},"excerpt":{"rendered":"","protected":false},"author":1,"featured_media":752,"parent":0,"menu_order":0,"comment_status":"closed","ping_status":"closed","template":"","meta":{"_acf_changed":false,"footnotes":""},"class_list":["post-500","page","type-page","status-publish","has-post-thumbnail","hentry"],"acf":[],"yoast_head":"<!-- This site is optimized with the Yoast SEO plugin v24.5 - https:\/\/yoast.com\/wordpress\/plugins\/seo\/ -->\n<title>Unsere Geschichte | Chalets M[u]NE<\/title>\n<meta name=\"description\" content=\"Erfahren Sie mehr \u00fcber die Geschichte der vier Freunde hinter den M[u]NE-Chalets, ihre Leidenschaft und die Erkl\u00e4rung f\u00fcr den geheimnisvollen Namen.\" \/>\n<meta name=\"robots\" content=\"index, follow, max-snippet:-1, max-image-preview:large, max-video-preview:-1\" \/>\n<link rel=\"canonical\" href=\"https:\/\/chalets-mune.fr\/de\/histoire\/\" \/>\n<meta property=\"og:locale\" content=\"de_DE\" \/>\n<meta property=\"og:type\" content=\"article\" \/>\n<meta property=\"og:title\" content=\"Unsere Geschichte | Chalets M[u]NE\" \/>\n<meta property=\"og:description\" content=\"Erfahren Sie mehr \u00fcber die Geschichte der vier Freunde hinter den M[u]NE-Chalets, ihre Leidenschaft und die Erkl\u00e4rung f\u00fcr den geheimnisvollen Namen.\" \/>\n<meta property=\"og:url\" content=\"https:\/\/chalets-mune.fr\/de\/histoire\/\" \/>\n<meta property=\"og:site_name\" content=\"M[u]NE\" \/>\n<meta property=\"article:modified_time\" content=\"2024-11-28T13:28:46+00:00\" \/>\n<meta property=\"og:image\" content=\"https:\/\/chalets-mune.fr\/wp-content\/uploads\/2024\/11\/hero-histoire-1.jpg\" \/>\n\t<meta property=\"og:image:width\" content=\"1333\" \/>\n\t<meta property=\"og:image:height\" content=\"1273\" \/>\n\t<meta property=\"og:image:type\" content=\"image\/jpeg\" \/>\n<meta name=\"twitter:card\" content=\"summary_large_image\" \/>\n<meta name=\"twitter:label1\" content=\"Est. reading time\" \/>\n\t<meta name=\"twitter:data1\" content=\"1 minute\" \/>\n<script type=\"application\/ld+json\" class=\"yoast-schema-graph\">{\"@context\":\"https:\/\/schema.org\",\"@graph\":[{\"@type\":\"WebPage\",\"@id\":\"https:\/\/chalets-mune.fr\/de\/histoire\/\",\"url\":\"https:\/\/chalets-mune.fr\/de\/histoire\/\",\"name\":\"Unsere Geschichte | Chalets M[u]NE\",\"isPartOf\":{\"@id\":\"https:\/\/chalets-mune.fr\/de\/#website\"},\"primaryImageOfPage\":{\"@id\":\"https:\/\/chalets-mune.fr\/de\/histoire\/#primaryimage\"},\"image\":{\"@id\":\"https:\/\/chalets-mune.fr\/de\/histoire\/#primaryimage\"},\"thumbnailUrl\":\"https:\/\/chalets-mune.fr\/wp-content\/uploads\/2024\/11\/hero-histoire-1.jpg\",\"datePublished\":\"2024-09-26T10:01:22+00:00\",\"dateModified\":\"2024-11-28T13:28:46+00:00\",\"description\":\"Erfahren Sie mehr \u00fcber die Geschichte der vier Freunde hinter den M[u]NE-Chalets, ihre Leidenschaft und die Erkl\u00e4rung f\u00fcr den geheimnisvollen Namen.\",\"breadcrumb\":{\"@id\":\"https:\/\/chalets-mune.fr\/de\/histoire\/#breadcrumb\"},\"inLanguage\":\"de-DE\",\"potentialAction\":[{\"@type\":\"ReadAction\",\"target\":[\"https:\/\/chalets-mune.fr\/de\/histoire\/\"]}]},{\"@type\":\"ImageObject\",\"inLanguage\":\"de-DE\",\"@id\":\"https:\/\/chalets-mune.fr\/de\/histoire\/#primaryimage\",\"url\":\"https:\/\/chalets-mune.fr\/wp-content\/uploads\/2024\/11\/hero-histoire-1.jpg\",\"contentUrl\":\"https:\/\/chalets-mune.fr\/wp-content\/uploads\/2024\/11\/hero-histoire-1.jpg\",\"width\":1333,\"height\":1273},{\"@type\":\"BreadcrumbList\",\"@id\":\"https:\/\/chalets-mune.fr\/de\/histoire\/#breadcrumb\",\"itemListElement\":[{\"@type\":\"ListItem\",\"position\":1,\"name\":\"Startseite\",\"item\":\"https:\/\/chalets-mune.fr\/de\/\"},{\"@type\":\"ListItem\",\"position\":2,\"name\":\"Geschichte\"}]},{\"@type\":\"WebSite\",\"@id\":\"https:\/\/chalets-mune.fr\/de\/#website\",\"url\":\"https:\/\/chalets-mune.fr\/de\/\",\"name\":\"M[u]NE\",\"description\":\"Chalets d&#039;\u00e9motions\",\"potentialAction\":[{\"@type\":\"SearchAction\",\"target\":{\"@type\":\"EntryPoint\",\"urlTemplate\":\"https:\/\/chalets-mune.fr\/de\/?s={search_term_string}\"},\"query-input\":{\"@type\":\"PropertyValueSpecification\",\"valueRequired\":true,\"valueName\":\"search_term_string\"}}],\"inLanguage\":\"de-DE\"}]}<\/script>\n<!-- \/ Yoast SEO plugin. -->","yoast_head_json":{"title":"Unsere Geschichte | Chalets M[u]NE","description":"Erfahren Sie mehr \u00fcber die Geschichte der vier Freunde hinter den M[u]NE-Chalets, ihre Leidenschaft und die Erkl\u00e4rung f\u00fcr den geheimnisvollen Namen.","robots":{"index":"index","follow":"follow","max-snippet":"max-snippet:-1","max-image-preview":"max-image-preview:large","max-video-preview":"max-video-preview:-1"},"canonical":"https:\/\/chalets-mune.fr\/de\/histoire\/","og_locale":"de_DE","og_type":"article","og_title":"Unsere Geschichte | Chalets M[u]NE","og_description":"Erfahren Sie mehr \u00fcber die Geschichte der vier Freunde hinter den M[u]NE-Chalets, ihre Leidenschaft und die Erkl\u00e4rung f\u00fcr den geheimnisvollen Namen.","og_url":"https:\/\/chalets-mune.fr\/de\/histoire\/","og_site_name":"M[u]NE","article_modified_time":"2024-11-28T13:28:46+00:00","og_image":[{"width":1333,"height":1273,"url":"https:\/\/chalets-mune.fr\/wp-content\/uploads\/2024\/11\/hero-histoire-1.jpg","type":"image\/jpeg"}],"twitter_card":"summary_large_image","twitter_misc":{"Est. reading time":"1 minute"},"schema":{"@context":"https:\/\/schema.org","@graph":[{"@type":"WebPage","@id":"https:\/\/chalets-mune.fr\/de\/histoire\/","url":"https:\/\/chalets-mune.fr\/de\/histoire\/","name":"Unsere Geschichte | Chalets M[u]NE","isPartOf":{"@id":"https:\/\/chalets-mune.fr\/de\/#website"},"primaryImageOfPage":{"@id":"https:\/\/chalets-mune.fr\/de\/histoire\/#primaryimage"},"image":{"@id":"https:\/\/chalets-mune.fr\/de\/histoire\/#primaryimage"},"thumbnailUrl":"https:\/\/chalets-mune.fr\/wp-content\/uploads\/2024\/11\/hero-histoire-1.jpg","datePublished":"2024-09-26T10:01:22+00:00","dateModified":"2024-11-28T13:28:46+00:00","description":"Erfahren Sie mehr \u00fcber die Geschichte der vier Freunde hinter den M[u]NE-Chalets, ihre Leidenschaft und die Erkl\u00e4rung f\u00fcr den geheimnisvollen Namen.","breadcrumb":{"@id":"https:\/\/chalets-mune.fr\/de\/histoire\/#breadcrumb"},"inLanguage":"de-DE","potentialAction":[{"@type":"ReadAction","target":["https:\/\/chalets-mune.fr\/de\/histoire\/"]}]},{"@type":"ImageObject","inLanguage":"de-DE","@id":"https:\/\/chalets-mune.fr\/de\/histoire\/#primaryimage","url":"https:\/\/chalets-mune.fr\/wp-content\/uploads\/2024\/11\/hero-histoire-1.jpg","contentUrl":"https:\/\/chalets-mune.fr\/wp-content\/uploads\/2024\/11\/hero-histoire-1.jpg","width":1333,"height":1273},{"@type":"BreadcrumbList","@id":"https:\/\/chalets-mune.fr\/de\/histoire\/#breadcrumb","itemListElement":[{"@type":"ListItem","position":1,"name":"Startseite","item":"https:\/\/chalets-mune.fr\/de\/"},{"@type":"ListItem","position":2,"name":"Geschichte"}]},{"@type":"WebSite","@id":"https:\/\/chalets-mune.fr\/de\/#website","url":"https:\/\/chalets-mune.fr\/de\/","name":"M[u]NE","description":"Chalets d&#039;\u00e9motions","potentialAction":[{"@type":"SearchAction","target":{"@type":"EntryPoint","urlTemplate":"https:\/\/chalets-mune.fr\/de\/?s={search_term_string}"},"query-input":{"@type":"PropertyValueSpecification","valueRequired":true,"valueName":"search_term_string"}}],"inLanguage":"de-DE"}]}},"_links":{"self":[{"href":"https:\/\/chalets-mune.fr\/de\/wp-json\/wp\/v2\/pages\/500","targetHints":{"allow":["GET"]}}],"collection":[{"href":"https:\/\/chalets-mune.fr\/de\/wp-json\/wp\/v2\/pages"}],"about":[{"href":"https:\/\/chalets-mune.fr\/de\/wp-json\/wp\/v2\/types\/page"}],"author":[{"embeddable":true,"href":"https:\/\/chalets-mune.fr\/de\/wp-json\/wp\/v2\/users\/1"}],"replies":[{"embeddable":true,"href":"https:\/\/chalets-mune.fr\/de\/wp-json\/wp\/v2\/comments?post=500"}],"version-history":[{"count":3,"href":"https:\/\/chalets-mune.fr\/de\/wp-json\/wp\/v2\/pages\/500\/revisions"}],"predecessor-version":[{"id":688,"href":"https:\/\/chalets-mune.fr\/de\/wp-json\/wp\/v2\/pages\/500\/revisions\/688"}],"wp:featuredmedia":[{"embeddable":true,"href":"https:\/\/chalets-mune.fr\/de\/wp-json\/wp\/v2\/media\/752"}],"wp:attachment":[{"href":"https:\/\/chalets-mune.fr\/de\/wp-json\/wp\/v2\/media?parent=500"}],"curies":[{"name":"wp","href":"https:\/\/api.w.org\/{rel}","templated":true}]}}